{"id":2,"date":"2021-05-18T17:16:43","date_gmt":"2021-05-18T15:16:43","guid":{"rendered":"http:\/\/petit-trip.fr\/?page_id=2"},"modified":"2026-04-17T12:08:28","modified_gmt":"2026-04-17T10:08:28","slug":"page-d-exemple","status":"publish","type":"page","link":"https:\/\/petit-trip.fr\/","title":{"rendered":"Accueil"},"content":{"rendered":"\t\t<div data-elementor-type=\"wp-page\" data-elementor-id=\"2\" class=\"elementor elementor-2\">\n\t\t\t\t\t\t<section class=\"elementor-section elementor-top-section elementor-element elementor-element-54fca336 elementor-section-boxed elementor-section-height-default elementor-section-height-default\" data-id=\"54fca336\" data-element_type=\"section\" data-e-type=\"section\">\n\t\t\t\t\t\t<div class=\"elementor-container elementor-column-gap-default\">\n\t\t\t\t\t<div class=\"elementor-column elementor-col-100 elementor-top-column elementor-element elementor-element-7cfca455\" data-id=\"7cfca455\" data-element_type=\"column\" data-e-type=\"column\">\n\t\t\t<div class=\"elementor-widget-wrap elementor-element-populated\">\n\t\t\t\t\t\t<div class=\"elementor-element elementor-element-5216458e elementor-widget elementor-widget-text-editor\" data-id=\"5216458e\" data-element_type=\"widget\" data-e-type=\"widget\" data-widget_type=\"text-editor.default\">\n\t\t\t\t<div class=\"elementor-widget-container\">\n\t\t\t\t\t\t\t\t\t<div dir=\"auto\" data-olk-copy-source=\"MessageBody\"><div dir=\"auto\"><strong>\ud83c\udf10 This site is also available in English \u25b6\ufe0f see the ENGLISH VERSION in the MENU<\/strong><\/div><div dir=\"auto\">\u00a0<\/div><div dir=\"auto\"><strong>Bienvenue \u00e0 MONTPELLIER !<\/strong><\/div><div dir=\"auto\">\u00a0<\/div><div dir=\"auto\">\u00a0\ud83c\udf3f <strong>Que faire \u00e0 Montpellier pour d\u00e9couvrir la ville autrement ?<\/strong><\/div><div dir=\"auto\">\u00a0<\/div><div dir=\"auto\">Vous venez \u00e0 Montpellier pour la premi\u00e8re fois et vous vous demandez <strong>que faire, quoi visiter ou comment visiter la ville<\/strong> ?<\/div><div dir=\"auto\">\u00a0<\/div><div dir=\"auto\">Je vous propose diff\u00e9rentes <strong>visites guid\u00e9es<\/strong> <strong>conviviales<\/strong> et <strong>authentiques<\/strong> pour d\u00e9couvrir <strong>Montpellier, <\/strong><em>du centre historique aux quartiers contemporains\u00a0<\/em><\/div><div dir=\"auto\">\u00a0<\/div><div dir=\"auto\">Partez \u00e0 la <strong>d\u00e9couverte du centre historique \u00e0 pied<\/strong>, avec ou <strong>d\u00e9gustation de vins<\/strong> ou laissez-vous guider confortablement \u00e0 bord du <strong>v\u00e9lo-taxi<\/strong>.<\/div><div dir=\"auto\">Chaque exp\u00e9rience est pens\u00e9e pour vous faire <strong>vivre Montpellier diff\u00e9remment<\/strong>, avec anecdotes, patrimoine et moments partag\u00e9s.<\/div><div dir=\"auto\">\u00a0<\/div><div dir=\"auto\">Que vous soyez en <strong>week-end<\/strong> ou en <strong>vacances<\/strong> dans le Sud de la France, vous trouverez ici une <strong>activit\u00e9 originale<\/strong> pour visiter Montpellier \u00e0 votre rythme, d\u00e9couvrir ses <strong>monuments<\/strong>, ses ruelles <strong>m\u00e9di\u00e9vales<\/strong> et ses places embl\u00e9matiques, et profiter d\u2019instants <strong>conviviaux<\/strong> autour du vin local.<\/div><\/div><div dir=\"auto\">\u00a0<\/div><div dir=\"auto\"><strong>CE QUE JE VOUS PROPOSE :\u00a0<\/strong><\/div><div dir=\"auto\" data-olk-copy-source=\"MessageBody\"><div dir=\"auto\">\u00a0<\/div><ul><li dir=\"auto\">Visite guid\u00e9e priv\u00e9e \u00e0 pied + d\u00e9gustation de vin (2h45)<\/li><li dir=\"auto\">Visite guid\u00e9e priv\u00e9e \u00e0 pied (2h)<\/li><li dir=\"auto\">Visite guid\u00e9e priv\u00e9e \u00e0 bord du v\u00e9lo-taxi (1 \u00e0 3 heures)<\/li><\/ul><div dir=\"auto\">Tous les d\u00e9tails et informations pratiques sont disponibles dans le menu sur la page OFFRES<\/div><\/div><div dir=\"auto\">\u00a0<\/div><div dir=\"auto\"><strong>Nathalie<\/strong><\/div><div dir=\"auto\">\u00a0<\/div><p><strong>CONTACT\u00a0<\/strong><\/p><p><strong>T\u00e9l\u00e9phone :<\/strong> 06 15 277 792 (appel, sms ou WhatsApp) ou +33 6 15 277 792 depuis l&rsquo;\u00e9tranger<\/p><p><strong>Email :\u00a0<\/strong> lepetittrip@gmail.com<\/p><p><strong>\u00a0* <\/strong><strong style=\"font-family: var( --e-global-typography-text-font-family ), Sans-serif; font-size: 1rem;\">SUIVEZ MES AVENTURES SUR LES RESEAUX SOCIAUX :\u00a0\u00a0<\/strong><\/p><p><a href=\"https:\/\/www.instagram.com\/visite_montpellier\/\">INSTAGRAM<\/a><\/p><p><a href=\"https:\/\/www.facebook.com\/petit.trip.34\/\">FACEBOOK<\/a><\/p>\t\t\t\t\t\t\t\t<\/div>\n\t\t\t\t<\/div>\n\t\t\t\t\t<\/div>\n\t\t<\/div>\n\t\t\t\t\t<\/div>\n\t\t<\/section>\n\t\t\t\t<section class=\"elementor-section elementor-top-section elementor-element elementor-element-b3b1118 elementor-section-boxed elementor-section-height-default elementor-section-height-default\" data-id=\"b3b1118\" data-element_type=\"section\" data-e-type=\"section\">\n\t\t\t\t\t\t<div class=\"elementor-container elementor-column-gap-default\">\n\t\t\t\t\t<div class=\"elementor-column elementor-col-100 elementor-top-column elementor-element elementor-element-bb5d275\" data-id=\"bb5d275\" data-element_type=\"column\" data-e-type=\"column\">\n\t\t\t<div class=\"elementor-widget-wrap\">\n\t\t\t\t\t\t\t<\/div>\n\t\t<\/div>\n\t\t\t\t\t<\/div>\n\t\t<\/section>\n\t\t\t\t<\/div>\n\t\t","protected":false},"excerpt":{"rendered":"<p>\ud83c\udf10 This site is also available in English \u25b6\ufe0f see the ENGLISH VERSION in the MENU\u00a0Bienvenue \u00e0 MONTPELLIER !\u00a0\u00a0\ud83c\udf3f Que faire \u00e0 Montpellier pour d\u00e9couvrir la ville autrement ?\u00a0Vous venez \u00e0 Montpellier pour la premi\u00e8re fois et vous vous demandez que faire, quoi visiter ou comment visiter la ville ?\u00a0Je vous propose diff\u00e9rentes visites guid\u00e9es &hellip; <a href=\"https:\/\/petit-trip.fr\/\" class=\"more-link\">Continuer la lecture<span class=\"screen-reader-text\"> de &laquo;&nbsp;Accueil&nbsp;&raquo;<\/span><\/a><\/p>\n","protected":false},"author":1,"featured_media":0,"parent":0,"menu_order":0,"comment_status":"closed","ping_status":"closed","template":"","meta":{"footnotes":""},"class_list":["post-2","page","type-page","status-publish","hentry"],"_links":{"self":[{"href":"https:\/\/petit-trip.fr\/index.php?rest_route=\/wp\/v2\/pages\/2","targetHints":{"allow":["GET"]}}],"collection":[{"href":"https:\/\/petit-trip.fr\/index.php?rest_route=\/wp\/v2\/pages"}],"about":[{"href":"https:\/\/petit-trip.fr\/index.php?rest_route=\/wp\/v2\/types\/page"}],"author":[{"embeddable":true,"href":"https:\/\/petit-trip.fr\/index.php?rest_route=\/wp\/v2\/users\/1"}],"replies":[{"embeddable":true,"href":"https:\/\/petit-trip.fr\/index.php?rest_route=%2Fwp%2Fv2%2Fcomments&post=2"}],"version-history":[{"count":259,"href":"https:\/\/petit-trip.fr\/index.php?rest_route=\/wp\/v2\/pages\/2\/revisions"}],"predecessor-version":[{"id":1759,"href":"https:\/\/petit-trip.fr\/index.php?rest_route=\/wp\/v2\/pages\/2\/revisions\/1759"}],"wp:attachment":[{"href":"https:\/\/petit-trip.fr\/index.php?rest_route=%2Fwp%2Fv2%2Fmedia&parent=2"}],"curies":[{"name":"wp","href":"https:\/\/api.w.org\/{rel}","templated":true}]}}